{"id":2,"date":"2021-10-23T19:36:39","date_gmt":"2021-10-23T17:36:39","guid":{"rendered":"http:\/\/kotobuki.fr\/?page_id=2"},"modified":"2023-03-16T18:51:04","modified_gmt":"2023-03-16T17:51:04","slug":"page-d-accueil","status":"publish","type":"page","link":"https:\/\/kotobuki.fr\/index.php\/page-d-accueil\/","title":{"rendered":"KOTOBUKI"},"content":{"rendered":"\n<p class=\"has-medium-font-size\">KOTOBUKI est un traiteur sp\u00e9cialis\u00e9 \u00e0 la cuisine japonaise. <\/p>\n\n\n\n<p class=\"has-medium-font-size\"><br>Le mot &#8220;KOTOBUKI&#8221; signifie &#8220;C\u00e9l\u00e9bration&#8221;, &#8220;F\u00e9licitation&#8221; en japonais.<\/p>\n\n\n\n<p class=\"has-medium-font-size\"><br>KOTOBUKI vous proposer des plats japonais authentiques et typiques depuis 2016 \u00e0 Montpellier et ses alentours.<\/p>\n\n\n\n<p class=\"has-medium-font-size\">En utilisant le riz de Camargue BIO et les produits de saison, je vous confectionne des repas sains et \u00e9quilibr\u00e9s.<\/p>\n\n\n\n<p class=\"has-medium-font-size\"><\/p>\n\n\n\n<p class=\"has-medium-font-size\">-Stand de restauration pour des \u00e9v\u00e8nements ou des march\u00e9s<\/p>\n\n\n\n<p class=\"has-medium-font-size\">-R\u00e9ceptions priv\u00e9es <\/p>\n\n\n\n<p class=\"has-medium-font-size\">   Anniversaire, Bapt\u00eame, soir\u00e9e th\u00e9matique &#8230;etc<\/p>\n\n\n\n<p class=\"has-medium-font-size\">-R\u00e9ceptions professionnelles   <\/p>\n\n\n\n<p class=\"has-medium-font-size\">  Comit\u00e9 d&#8217;entreprise, repas de r\u00e9union ou de formation &#8230;etc<\/p>\n\n\n\n<p class=\"has-medium-font-size\">-Atelier de cuisine en groupe<br><br><\/p>\n\n\n\n<figure class=\"wp-block-image size-large\"><img loading=\"lazy\" width=\"427\" height=\"640\" src=\"https:\/\/kotobuki.fr\/wp-content\/uploads\/2021\/10\/Portreit.jpeg\" alt=\"\" class=\"wp-image-21\" srcset=\"https:\/\/kotobuki.fr\/wp-content\/uploads\/2021\/10\/Portreit.jpeg 427w, https:\/\/kotobuki.fr\/wp-content\/uploads\/2021\/10\/Portreit-200x300.jpeg 200w\" sizes=\"(max-width: 427px) 100vw, 427px\" \/><\/figure>\n\n\n\n<p>Cheffe de KOTOBUKI : Miho<\/p>\n\n\n\n<p>Je suis n\u00e9e \u00e0 Tokyo et arriv\u00e9e en France \u00e0 Montpellier en 2012.<br>Apr\u00e8s avoir travaill\u00e9 dans plusieurs restaurants de Sushi en France, j&#8217;ai d\u00e9cid\u00e9 de cr\u00e9er mon propre projet culinaire pour faire d\u00e9couvrir la cuisine traditionnelle japonaise qui est tr\u00e8s vari\u00e9e. Je propose des plats sains et \u00e9quilibr\u00e9s pr\u00e9par\u00e9s avec amour et respect de la nature comme nos anc\u00eatres l&#8217;ont fait.<\/p>\n","protected":false},"excerpt":{"rendered":"<p>KOTOBUKI est un traiteur sp\u00e9cialis\u00e9 \u00e0 la cuisine japonaise. Le mot &#8220;KOTOBUKI&#8221; signifie &#8220;C\u00e9l\u00e9 [&hellip;]<\/p>\n","protected":false},"author":1,"featured_media":0,"parent":0,"menu_order":2,"comment_status":"closed","ping_status":"closed","template":"","meta":[],"_links":{"self":[{"href":"https:\/\/kotobuki.fr\/index.php\/wp-json\/wp\/v2\/pages\/2"}],"collection":[{"href":"https:\/\/kotobuki.fr\/index.php\/wp-json\/wp\/v2\/pages"}],"about":[{"href":"https:\/\/kotobuki.fr\/index.php\/wp-json\/wp\/v2\/types\/page"}],"author":[{"embeddable":true,"href":"https:\/\/kotobuki.fr\/index.php\/wp-json\/wp\/v2\/users\/1"}],"replies":[{"embeddable":true,"href":"https:\/\/kotobuki.fr\/index.php\/wp-json\/wp\/v2\/comments?post=2"}],"version-history":[{"count":11,"href":"https:\/\/kotobuki.fr\/index.php\/wp-json\/wp\/v2\/pages\/2\/revisions"}],"predecessor-version":[{"id":223,"href":"https:\/\/kotobuki.fr\/index.php\/wp-json\/wp\/v2\/pages\/2\/revisions\/223"}],"wp:attachment":[{"href":"https:\/\/kotobuki.fr\/index.php\/wp-json\/wp\/v2\/media?parent=2"}],"curies":[{"name":"wp","href":"https:\/\/api.w.org\/{rel}","templated":true}]}}